{"id":1468,"date":"2025-01-04T13:41:37","date_gmt":"2025-01-04T12:41:37","guid":{"rendered":"https:\/\/ceelenblokker.nl\/?page_id=1468"},"modified":"2025-12-03T22:03:27","modified_gmt":"2025-12-03T21:03:27","slug":"2025-2","status":"publish","type":"page","link":"https:\/\/ceelenblokker.nl\/?page_id=1468","title":{"rendered":"2025"},"content":{"rendered":"\n<p>Dit jaar is nu al bijzonder voor Dani\u00ebl &amp; Annemarieke. Volg ons jaaroverzicht. Dit wordt regelmatig aangevuld. Dan kom je er vanzelf achter waarom dit jaar zo bijzonder is voor Dani\u00ebl &amp; Annemarieke.<\/p>\n\n\n\n<p><img loading=\"lazy\" decoding=\"async\" width=\"300\" height=\"225\" class=\"wp-image-1583\" style=\"width: 300px;\" src=\"http:\/\/ceelenblokker.nl\/wp-content\/uploads\/2025\/01\/004-Toyota-Aygo-en-Hyundai-i10-website-300x225-1.png\" alt=\"\"><br>Op <strong>10 januari 2025 <\/strong>was dit moment alweer een jaar geleden; het afscheid van de Hyundai i10, die we in <a href=\"https:\/\/ceelenblokker.nl\/?page_id=67\" data-type=\"page\" data-id=\"67\">2013<\/a> in Odiliapeel hadden gekocht. Diens opvolger was de Toyota Aygo X-Play, waar we via auto.nl aan zijn gekomen.<\/p>\n\n\n\n<p>Op <strong>24 en 25 juni 2025<\/strong> vond in Den Haag de NAVO-top plaats. Na een zorgvuldige selectie was Dani\u00ebl \u00e9\u00e9n van de gelukkigen om hierbij mee te mogen helpen. Dit deed hij uiteindelijk in een rol, die hem goed paste; IT, vergelijkbaar met het werk wat Dani\u00ebl in het dagelijks leven doet. Een bijzonder leuke en gezellige ervaring om nooit te vergeten.<\/p>\n\n\n\n<p>Als afsluiter van de top was Dani\u00ebl met enkele andere collega&#8217;s aanwezig bij de laatste uitzending van Nieuwsuur vanuit het World Forum. En Dani\u00ebl kwam daarbij ook enkele keren in beeld. Goed kijken, maar hij zat er echt.<br><br><\/p>\n\n\n\n<figure class=\"wp-block-gallery has-nested-images columns-default is-cropped wp-block-gallery-1 is-layout-flex wp-block-gallery-is-layout-flex\">\n<figure class=\"wp-block-image size-large\"><img loading=\"lazy\" decoding=\"async\" width=\"1024\" height=\"1017\" data-id=\"1631\" src=\"https:\/\/ceelenblokker.nl\/wp-content\/uploads\/2025\/06\/NATO-summit-1320x1311-1-1024x1017.png\" alt=\"\" class=\"wp-image-1631\" srcset=\"https:\/\/ceelenblokker.nl\/wp-content\/uploads\/2025\/06\/NATO-summit-1320x1311-1-1024x1017.png 1024w, https:\/\/ceelenblokker.nl\/wp-content\/uploads\/2025\/06\/NATO-summit-1320x1311-1-300x298.png 300w, https:\/\/ceelenblokker.nl\/wp-content\/uploads\/2025\/06\/NATO-summit-1320x1311-1-150x150.png 150w, https:\/\/ceelenblokker.nl\/wp-content\/uploads\/2025\/06\/NATO-summit-1320x1311-1-768x763.png 768w, https:\/\/ceelenblokker.nl\/wp-content\/uploads\/2025\/06\/NATO-summit-1320x1311-1.png 1320w\" sizes=\"auto, (max-width: 1024px) 100vw, 1024px\" \/><\/figure>\n\n\n\n<figure class=\"wp-block-image size-large\"><img loading=\"lazy\" decoding=\"async\" width=\"1024\" height=\"768\" data-id=\"1634\" src=\"https:\/\/ceelenblokker.nl\/wp-content\/uploads\/2025\/06\/NAVO-top-2025-001-1024x768.jpeg\" alt=\"\" class=\"wp-image-1634\" srcset=\"https:\/\/ceelenblokker.nl\/wp-content\/uploads\/2025\/06\/NAVO-top-2025-001-1024x768.jpeg 1024w, https:\/\/ceelenblokker.nl\/wp-content\/uploads\/2025\/06\/NAVO-top-2025-001-300x225.jpeg 300w, https:\/\/ceelenblokker.nl\/wp-content\/uploads\/2025\/06\/NAVO-top-2025-001-768x576.jpeg 768w, https:\/\/ceelenblokker.nl\/wp-content\/uploads\/2025\/06\/NAVO-top-2025-001-1536x1152.jpeg 1536w, https:\/\/ceelenblokker.nl\/wp-content\/uploads\/2025\/06\/NAVO-top-2025-001-2048x1536.jpeg 2048w\" sizes=\"auto, (max-width: 1024px) 100vw, 1024px\" \/><\/figure>\n\n\n\n<figure class=\"wp-block-image size-large\"><img loading=\"lazy\" decoding=\"async\" width=\"1024\" height=\"768\" data-id=\"1633\" src=\"https:\/\/ceelenblokker.nl\/wp-content\/uploads\/2025\/06\/NAVO-top-2025-002-1024x768.jpg\" alt=\"\" class=\"wp-image-1633\" srcset=\"https:\/\/ceelenblokker.nl\/wp-content\/uploads\/2025\/06\/NAVO-top-2025-002-1024x768.jpg 1024w, https:\/\/ceelenblokker.nl\/wp-content\/uploads\/2025\/06\/NAVO-top-2025-002-300x225.jpg 300w, https:\/\/ceelenblokker.nl\/wp-content\/uploads\/2025\/06\/NAVO-top-2025-002-768x576.jpg 768w, https:\/\/ceelenblokker.nl\/wp-content\/uploads\/2025\/06\/NAVO-top-2025-002-1536x1152.jpg 1536w, https:\/\/ceelenblokker.nl\/wp-content\/uploads\/2025\/06\/NAVO-top-2025-002.jpg 2048w\" sizes=\"auto, (max-width: 1024px) 100vw, 1024px\" \/><\/figure>\n\n\n\n<figure class=\"wp-block-image size-large\"><img loading=\"lazy\" decoding=\"async\" width=\"1024\" height=\"768\" data-id=\"1629\" src=\"https:\/\/ceelenblokker.nl\/wp-content\/uploads\/2025\/06\/NAVO-top-2025-003-Nieuwsuur-1024x768.jpg\" alt=\"\" class=\"wp-image-1629\" srcset=\"https:\/\/ceelenblokker.nl\/wp-content\/uploads\/2025\/06\/NAVO-top-2025-003-Nieuwsuur-1024x768.jpg 1024w, https:\/\/ceelenblokker.nl\/wp-content\/uploads\/2025\/06\/NAVO-top-2025-003-Nieuwsuur-300x225.jpg 300w, https:\/\/ceelenblokker.nl\/wp-content\/uploads\/2025\/06\/NAVO-top-2025-003-Nieuwsuur-768x576.jpg 768w, https:\/\/ceelenblokker.nl\/wp-content\/uploads\/2025\/06\/NAVO-top-2025-003-Nieuwsuur-1536x1152.jpg 1536w, https:\/\/ceelenblokker.nl\/wp-content\/uploads\/2025\/06\/NAVO-top-2025-003-Nieuwsuur.jpg 2048w\" sizes=\"auto, (max-width: 1024px) 100vw, 1024px\" \/><\/figure>\n\n\n\n<figure class=\"wp-block-image size-large\"><img loading=\"lazy\" decoding=\"async\" width=\"1024\" height=\"768\" data-id=\"1632\" src=\"https:\/\/ceelenblokker.nl\/wp-content\/uploads\/2025\/06\/NAVO-top-2025-004-Nieuwsuur-1024x768.jpg\" alt=\"\" class=\"wp-image-1632\" srcset=\"https:\/\/ceelenblokker.nl\/wp-content\/uploads\/2025\/06\/NAVO-top-2025-004-Nieuwsuur-1024x768.jpg 1024w, https:\/\/ceelenblokker.nl\/wp-content\/uploads\/2025\/06\/NAVO-top-2025-004-Nieuwsuur-300x225.jpg 300w, https:\/\/ceelenblokker.nl\/wp-content\/uploads\/2025\/06\/NAVO-top-2025-004-Nieuwsuur-768x576.jpg 768w, https:\/\/ceelenblokker.nl\/wp-content\/uploads\/2025\/06\/NAVO-top-2025-004-Nieuwsuur-1536x1152.jpg 1536w, https:\/\/ceelenblokker.nl\/wp-content\/uploads\/2025\/06\/NAVO-top-2025-004-Nieuwsuur.jpg 2048w\" sizes=\"auto, (max-width: 1024px) 100vw, 1024px\" \/><\/figure>\n\n\n\n<figure class=\"wp-block-image size-large\"><img loading=\"lazy\" decoding=\"async\" width=\"1024\" height=\"768\" data-id=\"1630\" src=\"https:\/\/ceelenblokker.nl\/wp-content\/uploads\/2025\/06\/NAVO-top-2025-005-Nieuwsuur-1024x768.jpg\" alt=\"\" class=\"wp-image-1630\" srcset=\"https:\/\/ceelenblokker.nl\/wp-content\/uploads\/2025\/06\/NAVO-top-2025-005-Nieuwsuur-1024x768.jpg 1024w, https:\/\/ceelenblokker.nl\/wp-content\/uploads\/2025\/06\/NAVO-top-2025-005-Nieuwsuur-300x225.jpg 300w, https:\/\/ceelenblokker.nl\/wp-content\/uploads\/2025\/06\/NAVO-top-2025-005-Nieuwsuur-768x576.jpg 768w, https:\/\/ceelenblokker.nl\/wp-content\/uploads\/2025\/06\/NAVO-top-2025-005-Nieuwsuur-1536x1152.jpg 1536w, https:\/\/ceelenblokker.nl\/wp-content\/uploads\/2025\/06\/NAVO-top-2025-005-Nieuwsuur.jpg 2048w\" sizes=\"auto, (max-width: 1024px) 100vw, 1024px\" \/><\/figure>\n\n\n\n<figure class=\"wp-block-image size-large\"><img loading=\"lazy\" decoding=\"async\" width=\"1024\" height=\"768\" data-id=\"1635\" src=\"https:\/\/ceelenblokker.nl\/wp-content\/uploads\/2025\/06\/NAVO-top-2025-006-Nieuwsuur-1024x768.jpg\" alt=\"\" class=\"wp-image-1635\" srcset=\"https:\/\/ceelenblokker.nl\/wp-content\/uploads\/2025\/06\/NAVO-top-2025-006-Nieuwsuur-1024x768.jpg 1024w, https:\/\/ceelenblokker.nl\/wp-content\/uploads\/2025\/06\/NAVO-top-2025-006-Nieuwsuur-300x225.jpg 300w, https:\/\/ceelenblokker.nl\/wp-content\/uploads\/2025\/06\/NAVO-top-2025-006-Nieuwsuur-768x576.jpg 768w, https:\/\/ceelenblokker.nl\/wp-content\/uploads\/2025\/06\/NAVO-top-2025-006-Nieuwsuur-1536x1152.jpg 1536w, https:\/\/ceelenblokker.nl\/wp-content\/uploads\/2025\/06\/NAVO-top-2025-006-Nieuwsuur.jpg 2048w\" sizes=\"auto, (max-width: 1024px) 100vw, 1024px\" \/><\/figure>\n<\/figure>\n\n\n\n<figure class=\"wp-block-gallery has-nested-images columns-2 is-cropped wp-block-gallery-2 is-layout-flex wp-block-gallery-is-layout-flex\">\n<figure class=\"wp-block-image size-large\"><img loading=\"lazy\" decoding=\"async\" width=\"1024\" height=\"516\" data-id=\"1636\" src=\"https:\/\/ceelenblokker.nl\/wp-content\/uploads\/2025\/06\/001a-Nieuwsuur-25-06-2025-website-1024x516.png\" alt=\"\" class=\"wp-image-1636\" srcset=\"https:\/\/ceelenblokker.nl\/wp-content\/uploads\/2025\/06\/001a-Nieuwsuur-25-06-2025-website-1024x516.png 1024w, https:\/\/ceelenblokker.nl\/wp-content\/uploads\/2025\/06\/001a-Nieuwsuur-25-06-2025-website-300x151.png 300w, https:\/\/ceelenblokker.nl\/wp-content\/uploads\/2025\/06\/001a-Nieuwsuur-25-06-2025-website-768x387.png 768w, https:\/\/ceelenblokker.nl\/wp-content\/uploads\/2025\/06\/001a-Nieuwsuur-25-06-2025-website-1536x774.png 1536w, https:\/\/ceelenblokker.nl\/wp-content\/uploads\/2025\/06\/001a-Nieuwsuur-25-06-2025-website.png 1920w\" sizes=\"auto, (max-width: 1024px) 100vw, 1024px\" \/><\/figure>\n\n\n\n<figure class=\"wp-block-image size-large\"><img loading=\"lazy\" decoding=\"async\" width=\"1024\" height=\"576\" data-id=\"1637\" src=\"https:\/\/ceelenblokker.nl\/wp-content\/uploads\/2025\/06\/002a-Nieuwsuur-25-06-2025-website-1024x576.png\" alt=\"\" class=\"wp-image-1637\" srcset=\"https:\/\/ceelenblokker.nl\/wp-content\/uploads\/2025\/06\/002a-Nieuwsuur-25-06-2025-website-1024x576.png 1024w, https:\/\/ceelenblokker.nl\/wp-content\/uploads\/2025\/06\/002a-Nieuwsuur-25-06-2025-website-300x169.png 300w, https:\/\/ceelenblokker.nl\/wp-content\/uploads\/2025\/06\/002a-Nieuwsuur-25-06-2025-website-768x432.png 768w, https:\/\/ceelenblokker.nl\/wp-content\/uploads\/2025\/06\/002a-Nieuwsuur-25-06-2025-website-1536x864.png 1536w, https:\/\/ceelenblokker.nl\/wp-content\/uploads\/2025\/06\/002a-Nieuwsuur-25-06-2025-website.png 1920w\" sizes=\"auto, (max-width: 1024px) 100vw, 1024px\" \/><\/figure>\n\n\n\n<figure class=\"wp-block-image size-large\"><img loading=\"lazy\" decoding=\"async\" width=\"1024\" height=\"576\" data-id=\"1638\" src=\"https:\/\/ceelenblokker.nl\/wp-content\/uploads\/2025\/06\/003a-Nieuwsuur-25-06-2025-website-1024x576.png\" alt=\"\" class=\"wp-image-1638\" srcset=\"https:\/\/ceelenblokker.nl\/wp-content\/uploads\/2025\/06\/003a-Nieuwsuur-25-06-2025-website-1024x576.png 1024w, https:\/\/ceelenblokker.nl\/wp-content\/uploads\/2025\/06\/003a-Nieuwsuur-25-06-2025-website-300x169.png 300w, https:\/\/ceelenblokker.nl\/wp-content\/uploads\/2025\/06\/003a-Nieuwsuur-25-06-2025-website-768x432.png 768w, https:\/\/ceelenblokker.nl\/wp-content\/uploads\/2025\/06\/003a-Nieuwsuur-25-06-2025-website-1536x864.png 1536w, https:\/\/ceelenblokker.nl\/wp-content\/uploads\/2025\/06\/003a-Nieuwsuur-25-06-2025-website.png 1920w\" sizes=\"auto, (max-width: 1024px) 100vw, 1024px\" \/><\/figure>\n\n\n\n<figure class=\"wp-block-image size-large\"><img loading=\"lazy\" decoding=\"async\" width=\"1024\" height=\"514\" data-id=\"1639\" src=\"https:\/\/ceelenblokker.nl\/wp-content\/uploads\/2025\/06\/004a-Nieuwsuur-25-06-2025-website-1024x514.png\" alt=\"\" class=\"wp-image-1639\" srcset=\"https:\/\/ceelenblokker.nl\/wp-content\/uploads\/2025\/06\/004a-Nieuwsuur-25-06-2025-website-1024x514.png 1024w, https:\/\/ceelenblokker.nl\/wp-content\/uploads\/2025\/06\/004a-Nieuwsuur-25-06-2025-website-300x150.png 300w, https:\/\/ceelenblokker.nl\/wp-content\/uploads\/2025\/06\/004a-Nieuwsuur-25-06-2025-website-768x385.png 768w, https:\/\/ceelenblokker.nl\/wp-content\/uploads\/2025\/06\/004a-Nieuwsuur-25-06-2025-website-1536x770.png 1536w, https:\/\/ceelenblokker.nl\/wp-content\/uploads\/2025\/06\/004a-Nieuwsuur-25-06-2025-website.png 1920w\" sizes=\"auto, (max-width: 1024px) 100vw, 1024px\" \/><\/figure>\n\n\n\n<figure class=\"wp-block-image size-large\"><img loading=\"lazy\" decoding=\"async\" width=\"1024\" height=\"576\" data-id=\"1640\" src=\"https:\/\/ceelenblokker.nl\/wp-content\/uploads\/2025\/06\/005a-Nieuwsuur-25-06-2025-website-1024x576.png\" alt=\"\" class=\"wp-image-1640\" srcset=\"https:\/\/ceelenblokker.nl\/wp-content\/uploads\/2025\/06\/005a-Nieuwsuur-25-06-2025-website-1024x576.png 1024w, https:\/\/ceelenblokker.nl\/wp-content\/uploads\/2025\/06\/005a-Nieuwsuur-25-06-2025-website-300x169.png 300w, https:\/\/ceelenblokker.nl\/wp-content\/uploads\/2025\/06\/005a-Nieuwsuur-25-06-2025-website-768x432.png 768w, https:\/\/ceelenblokker.nl\/wp-content\/uploads\/2025\/06\/005a-Nieuwsuur-25-06-2025-website-1536x864.png 1536w, https:\/\/ceelenblokker.nl\/wp-content\/uploads\/2025\/06\/005a-Nieuwsuur-25-06-2025-website.png 1920w\" sizes=\"auto, (max-width: 1024px) 100vw, 1024px\" \/><\/figure>\n\n\n\n<figure class=\"wp-block-image size-large\"><img loading=\"lazy\" decoding=\"async\" width=\"1024\" height=\"576\" data-id=\"1641\" src=\"https:\/\/ceelenblokker.nl\/wp-content\/uploads\/2025\/06\/006a-Nieuwsuur-25-06-2025-website-1024x576.png\" alt=\"\" class=\"wp-image-1641\" srcset=\"https:\/\/ceelenblokker.nl\/wp-content\/uploads\/2025\/06\/006a-Nieuwsuur-25-06-2025-website-1024x576.png 1024w, https:\/\/ceelenblokker.nl\/wp-content\/uploads\/2025\/06\/006a-Nieuwsuur-25-06-2025-website-300x169.png 300w, https:\/\/ceelenblokker.nl\/wp-content\/uploads\/2025\/06\/006a-Nieuwsuur-25-06-2025-website-768x432.png 768w, https:\/\/ceelenblokker.nl\/wp-content\/uploads\/2025\/06\/006a-Nieuwsuur-25-06-2025-website-1536x864.png 1536w, https:\/\/ceelenblokker.nl\/wp-content\/uploads\/2025\/06\/006a-Nieuwsuur-25-06-2025-website.png 1920w\" sizes=\"auto, (max-width: 1024px) 100vw, 1024px\" \/><\/figure>\n\n\n\n<figure class=\"wp-block-image size-large\"><img loading=\"lazy\" decoding=\"async\" width=\"1024\" height=\"480\" data-id=\"1643\" src=\"https:\/\/ceelenblokker.nl\/wp-content\/uploads\/2025\/06\/007a-Nieuwsuur-25-06-2025-website-1024x480.png\" alt=\"\" class=\"wp-image-1643\" srcset=\"https:\/\/ceelenblokker.nl\/wp-content\/uploads\/2025\/06\/007a-Nieuwsuur-25-06-2025-website-1024x480.png 1024w, https:\/\/ceelenblokker.nl\/wp-content\/uploads\/2025\/06\/007a-Nieuwsuur-25-06-2025-website-300x141.png 300w, https:\/\/ceelenblokker.nl\/wp-content\/uploads\/2025\/06\/007a-Nieuwsuur-25-06-2025-website-768x360.png 768w, https:\/\/ceelenblokker.nl\/wp-content\/uploads\/2025\/06\/007a-Nieuwsuur-25-06-2025-website-1536x720.png 1536w, https:\/\/ceelenblokker.nl\/wp-content\/uploads\/2025\/06\/007a-Nieuwsuur-25-06-2025-website.png 1539w\" sizes=\"auto, (max-width: 1024px) 100vw, 1024px\" \/><\/figure>\n<\/figure>\n\n\n\n<p>Tijdens de formele afsluiting van alle activiteiten rondom de NAVO-Top 2025, later dit jaar, heeft Dani\u00ebl de premi\u00e8re bijgewoond van de documentaire &#8220;Achter de schermen: NAVO-top 2025&#8221;, waarin een kijkje achter de schermen bij de voorbereiding van de top, alsmede hoe het er tijdens de top zelf backstage aan toe ging. Dat alles werd afgesloten met een gezellige borrel. En natuurlijk op een toepasselijke locatie: het <a href=\"https:\/\/worldforum.nl\/\" data-type=\"link\" data-id=\"https:\/\/worldforum.nl\/\" target=\"_blank\" rel=\"noreferrer noopener\">World Forum<\/a> in Den Haag. Een sfeerverslag van deze dag staat op <a href=\"https:\/\/ceelenblokker.nl\/?p=1919\" data-type=\"post\" data-id=\"1919\">deze pagina<\/a>. De documentaire is <a href=\"https:\/\/ceelenblokker.nl\/?page_id=1949\" data-type=\"page\" data-id=\"1949\">hier <\/a>te bekijken.<\/p>\n\n\n\n<p>Een bijzonder jubileumjaar breekt aan:2026. Het getal 20 speelt in dit jaar een prominente rol. <a href=\"https:\/\/ceelenblokker.nl\/?page_id=1676\" data-type=\"page\" data-id=\"1676\">Lees hier<\/a> verder.<\/p>\n","protected":false},"excerpt":{"rendered":"<p>Dit jaar is nu al bijzonder voor Dani\u00ebl &amp; Annemarieke. Volg ons jaaroverzicht. Dit wordt regelmatig aangevuld. Dan kom je er vanzelf achter waarom dit jaar zo bijzonder is voor Dani\u00ebl &amp; Annemarieke. Op 10 januari 2025 was dit moment alweer een jaar geleden; het afscheid van de Hyundai i10, die we in 2013 in &hellip;<br \/><a href=\"https:\/\/ceelenblokker.nl\/?page_id=1468\" class=\"more-link pen_button pen_element_default pen_icon_arrow_double\">Ga door met het lezen van <span class=\"screen-reader-text\">2025<\/span><\/a><\/p>\n","protected":false},"author":1,"featured_media":1469,"parent":0,"menu_order":0,"comment_status":"closed","ping_status":"closed","template":"","meta":{"footnotes":""},"class_list":["post-1468","page","type-page","status-publish","has-post-thumbnail","hentry"],"_links":{"self":[{"href":"https:\/\/ceelenblokker.nl\/index.php?rest_route=\/wp\/v2\/pages\/1468","targetHints":{"allow":["GET"]}}],"collection":[{"href":"https:\/\/ceelenblokker.nl\/index.php?rest_route=\/wp\/v2\/pages"}],"about":[{"href":"https:\/\/ceelenblokker.nl\/index.php?rest_route=\/wp\/v2\/types\/page"}],"author":[{"embeddable":true,"href":"https:\/\/ceelenblokker.nl\/index.php?rest_route=\/wp\/v2\/users\/1"}],"replies":[{"embeddable":true,"href":"https:\/\/ceelenblokker.nl\/index.php?rest_route=%2Fwp%2Fv2%2Fcomments&post=1468"}],"version-history":[{"count":9,"href":"https:\/\/ceelenblokker.nl\/index.php?rest_route=\/wp\/v2\/pages\/1468\/revisions"}],"predecessor-version":[{"id":1964,"href":"https:\/\/ceelenblokker.nl\/index.php?rest_route=\/wp\/v2\/pages\/1468\/revisions\/1964"}],"wp:featuredmedia":[{"embeddable":true,"href":"https:\/\/ceelenblokker.nl\/index.php?rest_route=\/wp\/v2\/media\/1469"}],"wp:attachment":[{"href":"https:\/\/ceelenblokker.nl\/index.php?rest_route=%2Fwp%2Fv2%2Fmedia&parent=1468"}],"curies":[{"name":"wp","href":"https:\/\/api.w.org\/{rel}","templated":true}]}}