{"id":81,"date":"2016-01-19T00:34:43","date_gmt":"2016-01-18T23:34:43","guid":{"rendered":"http:\/\/www.ceelenblokker.nl\/10jaar\/?page_id=81"},"modified":"2025-12-04T22:37:00","modified_gmt":"2025-12-04T21:37:00","slug":"2014-2","status":"publish","type":"page","link":"http:\/\/ceelenblokker.nl\/?page_id=81","title":{"rendered":"2014"},"content":{"rendered":"<p>In 2014 begon Annemarieke bij beweegcentrum Formupgrade om de strijd aan te gaan met haar overgewicht. In 2015 volgde deelname aan een\u00a0sportief, voedzaam en zeer intensief sportprogramma, genaamd X-FITTT, met als doel nog meer\u00a0afvallen en een gezondere levensstijl aannemen. Binnen anderhalf jaar zou Annemarieke ruim 47,5 kilo afvallen om weer uit te komen op een gezond gewicht.<\/p>\n<p><img loading=\"lazy\" decoding=\"async\" class=\"aligncenter wp-image-91 size-full\" src=\"https:\/\/www.ceelenblokker.nl\/story\/wp-content\/uploads\/2016\/01\/Schatje-bij-X-FITTT-001-1.jpg\" alt=\"Schatje bij X-FITTT 001\" width=\"632\" height=\"960\" \/><\/p>\n<p>Valentijnsdag 2014: bij Ikea in Duiven werd een heus Valentijnsontbijt georganiseerd. In hun eerste jubileumjaar, waarin Dani\u00ebl &amp; Annemarieke 5 jaar getrouwd waren, kon dat natuurlijk niet ontbreken. Zo gezegd, zo gedaan.<\/p>\n<p><img loading=\"lazy\" decoding=\"async\" class=\"aligncenter wp-image-86 size-large\" src=\"https:\/\/www.ceelenblokker.nl\/story\/wp-content\/uploads\/2016\/01\/SAM_1363-1-1024x768.jpg\" alt=\"SAM_1363\" width=\"1024\" height=\"768\" \/><\/p>\n<p>Eind maart 2014 werd bekend dat Dani\u00ebl per 7 april 2014 de definitieve overstap zou maken naar Arnhem, waar hij tijdens zijn ICT-opleiding al enkele dagen per week actief is. Met de definitieve overstap naar Arnhem ging een langgekoesterde wens eindelijk in vervulling. Bij de diverse rechtbanken in de oostelijke regio versterkt Dani\u00ebl de gelederen van de lokale ICT-afdeling, maar de thuisbasis is Arnhem.<\/p>\n<p><img loading=\"lazy\" decoding=\"async\" class=\"aligncenter wp-image-82 size-large\" src=\"https:\/\/www.ceelenblokker.nl\/story\/wp-content\/uploads\/2016\/01\/OE-Lokaal-Lokaal-Support-lokaties-1-1024x582.png\" alt=\"OE-Lokaal - Lokaal Support (lokaties)\" width=\"1024\" height=\"582\" \/><\/p>\n<p>Op 9 september 2014 waren Dani\u00ebl &amp; Annemarieke precies vijf jaar getrouwd. Om dit eerste lustrum te vieren zijn zij overdag naar Kasteel Rosendael in Rozendaal geweest. Aan het eind van de middag zijn Dani\u00ebl &amp; Annemarieke gaan bowlen bij Olround Bowlingcentrum in Nijmegen. Na het bowlen hebben Dani\u00ebl &amp; Annemarieke genoten van het grillbuffet bij Olround, dat zij praktisch voor zichzelf hadden, bij gebrek aan andere aanwezigen.<\/p>\n<p><img loading=\"lazy\" decoding=\"async\" class=\"aligncenter wp-image-84 size-large\" src=\"https:\/\/www.ceelenblokker.nl\/story\/wp-content\/uploads\/2016\/01\/SAM_1638-1-1024x768.jpg\" alt=\"SAM_1638\" width=\"1024\" height=\"768\" \/><\/p>\n<p>In oktober 2014 werden er nog verschillende andere mijlpalen gevierd. Dit deden Dani\u00ebl &amp; Annemarieke met een ander, zeer goed bevriend stel: Kiu &amp; Edwin. In 2014 waren er genoeg redenen om het een en ander te vieren: Annemarieke en Kiu kenden elkaar in dat jaar precies twintig jaar, Dani\u00ebl en Edwin zijn in 2014 allebei veertig jaar geworden \u00e9n Dani\u00ebl &amp; Annemarieke waren in dat jaar vijf jaar getrouwd. Al met al redenen genoeg om, samen met Kiu &amp; Edwin een gezellige reis naar Rome te maken. Die trip was zeer geslaagd.<\/p>\n<p><img loading=\"lazy\" decoding=\"async\" class=\"aligncenter wp-image-85 size-full\" src=\"https:\/\/www.ceelenblokker.nl\/story\/wp-content\/uploads\/2016\/01\/Rome-2014-1.jpg\" alt=\"Rome-2014\" width=\"930\" height=\"503\" \/><\/p>\n\n\n<p>Dat was weer een mooi jaar. Op naar <a href=\"https:\/\/ceelenblokker.nl\/?page_id=89\" data-type=\"page\" data-id=\"89\">2015<\/a>.<\/p>\n","protected":false},"excerpt":{"rendered":"<p>In 2014 begon Annemarieke bij beweegcentrum Formupgrade om de strijd aan te gaan met haar overgewicht. In 2015 volgde deelname aan een\u00a0sportief, voedzaam en zeer intensief sportprogramma, genaamd X-FITTT, met als doel nog meer\u00a0afvallen en een gezondere levensstijl aannemen. Binnen anderhalf jaar zou Annemarieke ruim 47,5 kilo afvallen om weer uit te komen op een &hellip;<br \/><a href=\"http:\/\/ceelenblokker.nl\/?page_id=81\" class=\"more-link pen_button pen_element_default pen_icon_arrow_double\">Ga door met het lezen van <span class=\"screen-reader-text\">2014<\/span><\/a><\/p>\n","protected":false},"author":1,"featured_media":1995,"parent":0,"menu_order":0,"comment_status":"closed","ping_status":"closed","template":"","meta":{"footnotes":""},"class_list":["post-81","page","type-page","status-publish","has-post-thumbnail","hentry"],"_links":{"self":[{"href":"http:\/\/ceelenblokker.nl\/index.php?rest_route=\/wp\/v2\/pages\/81","targetHints":{"allow":["GET"]}}],"collection":[{"href":"http:\/\/ceelenblokker.nl\/index.php?rest_route=\/wp\/v2\/pages"}],"about":[{"href":"http:\/\/ceelenblokker.nl\/index.php?rest_route=\/wp\/v2\/types\/page"}],"author":[{"embeddable":true,"href":"http:\/\/ceelenblokker.nl\/index.php?rest_route=\/wp\/v2\/users\/1"}],"replies":[{"embeddable":true,"href":"http:\/\/ceelenblokker.nl\/index.php?rest_route=%2Fwp%2Fv2%2Fcomments&post=81"}],"version-history":[{"count":2,"href":"http:\/\/ceelenblokker.nl\/index.php?rest_route=\/wp\/v2\/pages\/81\/revisions"}],"predecessor-version":[{"id":1997,"href":"http:\/\/ceelenblokker.nl\/index.php?rest_route=\/wp\/v2\/pages\/81\/revisions\/1997"}],"wp:featuredmedia":[{"embeddable":true,"href":"http:\/\/ceelenblokker.nl\/index.php?rest_route=\/wp\/v2\/media\/1995"}],"wp:attachment":[{"href":"http:\/\/ceelenblokker.nl\/index.php?rest_route=%2Fwp%2Fv2%2Fmedia&parent=81"}],"curies":[{"name":"wp","href":"https:\/\/api.w.org\/{rel}","templated":true}]}}